{"id":1121,"date":"2024-07-29T23:27:57","date_gmt":"2024-07-29T21:27:57","guid":{"rendered":"https:\/\/kaitekii.com\/?page_id=1121"},"modified":"2024-07-29T23:43:26","modified_gmt":"2024-07-29T21:43:26","slug":"anleitung-video","status":"publish","type":"page","link":"https:\/\/kaitekii.com\/en\/anleitung-video\/","title":{"rendered":"Anleitung Video"},"content":{"rendered":"<p class=\"has-figtree-font-family\">Hier zeigen wir Dir  bald Schritt f\u00fcr Schritt, wie du ein Video mit deinem Handy von einen Innenraum deiner Wahl aufnehmen kannst, damit wir anschlie\u00dfend ein detailliertes 3D Model f\u00fcr dich mit der Hilfe von KI erstellen k\u00f6nnen.<\/p>\n\n\n\n<p><\/p>\n\n\n\n<p class=\"has-text-align-center animated flip slower o-anim-hover has-white-color has-raft-accent-background-color has-text-color has-background has-link-color has-huge-font-size wp-elements-ed139bbd9a0e602bcdd35bf4961ddedd\">STAY TUNED<\/p>","protected":false},"excerpt":{"rendered":"<p>Hier zeigen wir Dir bald Schritt f\u00fcr Schritt, wie du ein Video mit deinem Handy von einen Innenraum deiner Wahl aufnehmen kannst, damit wir anschlie\u00dfend ein detailliertes 3D Model f\u00fcr dich mit der Hilfe von KI erstellen k\u00f6nnen. STAY TUNED<\/p>","protected":false},"author":1,"featured_media":1122,"parent":0,"menu_order":0,"comment_status":"closed","ping_status":"closed","template":"","meta":{"_uag_custom_page_level_css":"","ngg_post_thumbnail":0,"footnotes":""},"class_list":["post-1121","page","type-page","status-publish","has-post-thumbnail","hentry"],"yoast_head":"<!-- This site is optimized with the Yoast SEO plugin v22.8 - https:\/\/yoast.com\/wordpress\/plugins\/seo\/ -->\n<title>Anleitung Video - KaiTeki - Air Design<\/title>\n<meta name=\"description\" content=\"Anleitung: Wie man ein Video von einen Innenraum aufnimmt, damit wir ein 3D Modell f\u00fcr eine Str\u00f6mungssimulation erstellen k\u00f6nnen.\" \/>\n<meta name=\"robots\" content=\"index, follow, max-snippet:-1, max-image-preview:large, max-video-preview:-1\" \/>\n<link rel=\"canonical\" href=\"https:\/\/kaitekii.com\/en\/anleitung-video\/\" \/>\n<meta property=\"og:locale\" content=\"en_US\" \/>\n<meta property=\"og:type\" content=\"article\" \/>\n<meta property=\"og:title\" content=\"Anleitung Video - KaiTeki - Air Design\" \/>\n<meta property=\"og:description\" content=\"Anleitung: Wie man ein Video von einen Innenraum aufnimmt, damit wir ein 3D Modell f\u00fcr eine Str\u00f6mungssimulation erstellen k\u00f6nnen.\" \/>\n<meta property=\"og:url\" content=\"https:\/\/kaitekii.com\/en\/anleitung-video\/\" \/>\n<meta property=\"og:site_name\" content=\"KaiTeki - Air Design\" \/>\n<meta property=\"article:modified_time\" content=\"2024-07-29T21:43:26+00:00\" \/>\n<meta property=\"og:image\" content=\"https:\/\/kaitekii.com\/wp-content\/uploads\/2024\/07\/image-1024x585.png\" \/>\n\t<meta property=\"og:image:width\" content=\"1024\" \/>\n\t<meta property=\"og:image:height\" content=\"585\" \/>\n\t<meta property=\"og:image:type\" content=\"image\/png\" \/>\n<meta name=\"twitter:card\" content=\"summary_large_image\" \/>\n<meta name=\"twitter:label1\" content=\"Est. reading time\" \/>\n\t<meta name=\"twitter:data1\" content=\"1 minute\" \/>\n<script type=\"application\/ld+json\" class=\"yoast-schema-graph\">{\"@context\":\"https:\/\/schema.org\",\"@graph\":[{\"@type\":\"WebPage\",\"@id\":\"https:\/\/kaitekii.com\/anleitung-video\/\",\"url\":\"https:\/\/kaitekii.com\/anleitung-video\/\",\"name\":\"Anleitung Video - KaiTeki - Air Design\",\"isPartOf\":{\"@id\":\"https:\/\/kaitekii.com\/#website\"},\"primaryImageOfPage\":{\"@id\":\"https:\/\/kaitekii.com\/anleitung-video\/#primaryimage\"},\"image\":{\"@id\":\"https:\/\/kaitekii.com\/anleitung-video\/#primaryimage\"},\"thumbnailUrl\":\"https:\/\/kaitekii.com\/wp-content\/uploads\/2024\/07\/image.png\",\"datePublished\":\"2024-07-29T21:27:57+00:00\",\"dateModified\":\"2024-07-29T21:43:26+00:00\",\"description\":\"Anleitung: Wie man ein Video von einen Innenraum aufnimmt, damit wir ein 3D Modell f\u00fcr eine Str\u00f6mungssimulation erstellen k\u00f6nnen.\",\"breadcrumb\":{\"@id\":\"https:\/\/kaitekii.com\/anleitung-video\/#breadcrumb\"},\"inLanguage\":\"en-US\",\"potentialAction\":[{\"@type\":\"ReadAction\",\"target\":[\"https:\/\/kaitekii.com\/anleitung-video\/\"]}]},{\"@type\":\"ImageObject\",\"inLanguage\":\"en-US\",\"@id\":\"https:\/\/kaitekii.com\/anleitung-video\/#primaryimage\",\"url\":\"https:\/\/kaitekii.com\/wp-content\/uploads\/2024\/07\/image.png\",\"contentUrl\":\"https:\/\/kaitekii.com\/wp-content\/uploads\/2024\/07\/image.png\",\"width\":1792,\"height\":1024},{\"@type\":\"BreadcrumbList\",\"@id\":\"https:\/\/kaitekii.com\/anleitung-video\/#breadcrumb\",\"itemListElement\":[{\"@type\":\"ListItem\",\"position\":1,\"name\":\"Home\",\"item\":\"https:\/\/kaitekii.com\/\"},{\"@type\":\"ListItem\",\"position\":2,\"name\":\"Anleitung Video\"}]},{\"@type\":\"WebSite\",\"@id\":\"https:\/\/kaitekii.com\/#website\",\"url\":\"https:\/\/kaitekii.com\/\",\"name\":\"KaiTeki - Air Design\",\"description\":\"Str\u00f6mungssimulationen bieten wertvolle Einblicke und Optimierungsm\u00f6glichkeiten, die zu effizienteren, sichereren und komfortableren Innenr\u00e4umen f\u00fchren. Sie sind ein unverzichtbares Werkzeug f\u00fcr zahlreiche Berufsgruppen und Industrien.\",\"publisher\":{\"@id\":\"https:\/\/kaitekii.com\/#organization\"},\"alternateName\":\"KaiTeki - Air Design - From Video to 3D Flow analsyis\",\"potentialAction\":[{\"@type\":\"SearchAction\",\"target\":{\"@type\":\"EntryPoint\",\"urlTemplate\":\"https:\/\/kaitekii.com\/?s={search_term_string}\"},\"query-input\":\"required name=search_term_string\"}],\"inLanguage\":\"en-US\"},{\"@type\":\"Organization\",\"@id\":\"https:\/\/kaitekii.com\/#organization\",\"name\":\"KaiTeki-Air-Design\",\"alternateName\":\"KaiTeki\",\"url\":\"https:\/\/kaitekii.com\/\",\"logo\":{\"@type\":\"ImageObject\",\"inLanguage\":\"en-US\",\"@id\":\"https:\/\/kaitekii.com\/#\/schema\/logo\/image\/\",\"url\":\"https:\/\/kaitekii.com\/wp-content\/uploads\/2024\/06\/KaiTeki_Logo_Icon_final_RGB.png\",\"contentUrl\":\"https:\/\/kaitekii.com\/wp-content\/uploads\/2024\/06\/KaiTeki_Logo_Icon_final_RGB.png\",\"width\":1276,\"height\":706,\"caption\":\"KaiTeki-Air-Design\"},\"image\":{\"@id\":\"https:\/\/kaitekii.com\/#\/schema\/logo\/image\/\"},\"sameAs\":[\"https:\/\/www.linkedin.com\/company\/kaiteki-air-design\/\"]}]}<\/script>\n<!-- \/ Yoast SEO plugin. -->","yoast_head_json":{"title":"Anleitung Video - KaiTeki - Air Design","description":"Anleitung: Wie man ein Video von einen Innenraum aufnimmt, damit wir ein 3D Modell f\u00fcr eine Str\u00f6mungssimulation erstellen k\u00f6nnen.","robots":{"index":"index","follow":"follow","max-snippet":"max-snippet:-1","max-image-preview":"max-image-preview:large","max-video-preview":"max-video-preview:-1"},"canonical":"https:\/\/kaitekii.com\/en\/anleitung-video\/","og_locale":"en_US","og_type":"article","og_title":"Anleitung Video - KaiTeki - Air Design","og_description":"Anleitung: Wie man ein Video von einen Innenraum aufnimmt, damit wir ein 3D Modell f\u00fcr eine Str\u00f6mungssimulation erstellen k\u00f6nnen.","og_url":"https:\/\/kaitekii.com\/en\/anleitung-video\/","og_site_name":"KaiTeki - Air Design","article_modified_time":"2024-07-29T21:43:26+00:00","og_image":[{"width":1024,"height":585,"url":"https:\/\/kaitekii.com\/wp-content\/uploads\/2024\/07\/image-1024x585.png","type":"image\/png"}],"twitter_card":"summary_large_image","twitter_misc":{"Est. reading time":"1 minute"},"schema":{"@context":"https:\/\/schema.org","@graph":[{"@type":"WebPage","@id":"https:\/\/kaitekii.com\/anleitung-video\/","url":"https:\/\/kaitekii.com\/anleitung-video\/","name":"Anleitung Video - KaiTeki - Air Design","isPartOf":{"@id":"https:\/\/kaitekii.com\/#website"},"primaryImageOfPage":{"@id":"https:\/\/kaitekii.com\/anleitung-video\/#primaryimage"},"image":{"@id":"https:\/\/kaitekii.com\/anleitung-video\/#primaryimage"},"thumbnailUrl":"https:\/\/kaitekii.com\/wp-content\/uploads\/2024\/07\/image.png","datePublished":"2024-07-29T21:27:57+00:00","dateModified":"2024-07-29T21:43:26+00:00","description":"Anleitung: Wie man ein Video von einen Innenraum aufnimmt, damit wir ein 3D Modell f\u00fcr eine Str\u00f6mungssimulation erstellen k\u00f6nnen.","breadcrumb":{"@id":"https:\/\/kaitekii.com\/anleitung-video\/#breadcrumb"},"inLanguage":"en-US","potentialAction":[{"@type":"ReadAction","target":["https:\/\/kaitekii.com\/anleitung-video\/"]}]},{"@type":"ImageObject","inLanguage":"en-US","@id":"https:\/\/kaitekii.com\/anleitung-video\/#primaryimage","url":"https:\/\/kaitekii.com\/wp-content\/uploads\/2024\/07\/image.png","contentUrl":"https:\/\/kaitekii.com\/wp-content\/uploads\/2024\/07\/image.png","width":1792,"height":1024},{"@type":"BreadcrumbList","@id":"https:\/\/kaitekii.com\/anleitung-video\/#breadcrumb","itemListElement":[{"@type":"ListItem","position":1,"name":"Home","item":"https:\/\/kaitekii.com\/"},{"@type":"ListItem","position":2,"name":"Anleitung Video"}]},{"@type":"WebSite","@id":"https:\/\/kaitekii.com\/#website","url":"https:\/\/kaitekii.com\/","name":"KaiTeki - Air Design","description":"Flow simulations provide valuable insights and optimization opportunities that lead to more efficient, safer and more comfortable interior spaces. They are an indispensable tool for numerous professional groups and industries.","publisher":{"@id":"https:\/\/kaitekii.com\/#organization"},"alternateName":"KaiTeki - Air Design - From Video to 3D Flow analsyis","potentialAction":[{"@type":"SearchAction","target":{"@type":"EntryPoint","urlTemplate":"https:\/\/kaitekii.com\/?s={search_term_string}"},"query-input":"required name=search_term_string"}],"inLanguage":"en-US"},{"@type":"Organization","@id":"https:\/\/kaitekii.com\/#organization","name":"KaiTeki-Air-Design","alternateName":"KaiTeki","url":"https:\/\/kaitekii.com\/","logo":{"@type":"ImageObject","inLanguage":"en-US","@id":"https:\/\/kaitekii.com\/#\/schema\/logo\/image\/","url":"https:\/\/kaitekii.com\/wp-content\/uploads\/2024\/06\/KaiTeki_Logo_Icon_final_RGB.png","contentUrl":"https:\/\/kaitekii.com\/wp-content\/uploads\/2024\/06\/KaiTeki_Logo_Icon_final_RGB.png","width":1276,"height":706,"caption":"KaiTeki-Air-Design"},"image":{"@id":"https:\/\/kaitekii.com\/#\/schema\/logo\/image\/"},"sameAs":["https:\/\/www.linkedin.com\/company\/kaiteki-air-design\/"]}]}},"uagb_featured_image_src":{"full":["https:\/\/kaitekii.com\/wp-content\/uploads\/2024\/07\/image.png",1792,1024,false],"thumbnail":["https:\/\/kaitekii.com\/wp-content\/uploads\/2024\/07\/image-150x150.png",150,150,true],"medium":["https:\/\/kaitekii.com\/wp-content\/uploads\/2024\/07\/image-300x171.png",300,171,true],"medium_large":["https:\/\/kaitekii.com\/wp-content\/uploads\/2024\/07\/image-768x439.png",768,439,true],"large":["https:\/\/kaitekii.com\/wp-content\/uploads\/2024\/07\/image-1024x585.png",1024,585,true],"1536x1536":["https:\/\/kaitekii.com\/wp-content\/uploads\/2024\/07\/image-1536x878.png",1536,878,true],"2048x2048":["https:\/\/kaitekii.com\/wp-content\/uploads\/2024\/07\/image.png",1792,1024,false],"trp-custom-language-flag":["https:\/\/kaitekii.com\/wp-content\/uploads\/2024\/07\/image-18x10.png",18,10,true],"mailpoet_newsletter_max":["https:\/\/kaitekii.com\/wp-content\/uploads\/2024\/07\/image-1320x754.png",1320,754,true]},"uagb_author_info":{"display_name":"peterjanas","author_link":"https:\/\/kaitekii.com\/en\/author\/peterjanas\/"},"uagb_comment_info":0,"uagb_excerpt":"Hier zeigen wir Dir bald Schritt f\u00fcr Schritt, wie du ein Video mit deinem Handy von einen Innenraum deiner Wahl aufnehmen kannst, damit wir anschlie\u00dfend ein detailliertes 3D Model f\u00fcr dich mit der Hilfe von KI erstellen k\u00f6nnen. STAY TUNED","jetpack_sharing_enabled":true,"_links":{"self":[{"href":"https:\/\/kaitekii.com\/en\/wp-json\/wp\/v2\/pages\/1121","targetHints":{"allow":["GET"]}}],"collection":[{"href":"https:\/\/kaitekii.com\/en\/wp-json\/wp\/v2\/pages"}],"about":[{"href":"https:\/\/kaitekii.com\/en\/wp-json\/wp\/v2\/types\/page"}],"author":[{"embeddable":true,"href":"https:\/\/kaitekii.com\/en\/wp-json\/wp\/v2\/users\/1"}],"replies":[{"embeddable":true,"href":"https:\/\/kaitekii.com\/en\/wp-json\/wp\/v2\/comments?post=1121"}],"version-history":[{"count":4,"href":"https:\/\/kaitekii.com\/en\/wp-json\/wp\/v2\/pages\/1121\/revisions"}],"predecessor-version":[{"id":1132,"href":"https:\/\/kaitekii.com\/en\/wp-json\/wp\/v2\/pages\/1121\/revisions\/1132"}],"wp:featuredmedia":[{"embeddable":true,"href":"https:\/\/kaitekii.com\/en\/wp-json\/wp\/v2\/media\/1122"}],"wp:attachment":[{"href":"https:\/\/kaitekii.com\/en\/wp-json\/wp\/v2\/media?parent=1121"}],"curies":[{"name":"wp","href":"https:\/\/api.w.org\/{rel}","templated":true}]}}