{"id":471,"date":"2023-04-27T16:30:17","date_gmt":"2023-04-27T14:30:17","guid":{"rendered":"https:\/\/kaitekii.com\/?page_id=471"},"modified":"2024-01-28T20:57:21","modified_gmt":"2024-01-28T19:57:21","slug":"impressum","status":"publish","type":"page","link":"https:\/\/kaitekii.com\/en\/kaiteki-luftdesign\/impressum\/","title":{"rendered":"Impressum"},"content":{"rendered":"<p><\/p>\n\n\n\n<p>Angaben gem\u00e4\u00df \u00a7 5 TMG<\/p>\n\n\n\n<p>Dr. Peter Janas-Habu<br>Ingenieurb\u00fcro<br>47051 Duisburg<\/p>\n\n\n\n<p>Contact<\/p>\n\n\n\n<p>E-Mail:&nbsp;<a href=\"mailto:info@largeddy.com\">info@kaitekii.com<\/a><\/p>\n\n\n\n<p><strong>Streitschlichtung<\/strong><\/p>\n\n\n\n<p>Die Europ\u00e4ische Kommission stellt eine Plattform zur Online-Streitbeilegung (OS) bereit:&nbsp;<a href=\"https:\/\/ec.europa.eu\/consumers\/odr\" target=\"_blank\" rel=\"noreferrer noopener\">https:\/\/ec.europa.eu\/consumers\/odr<\/a>.<br>Unsere E-Mail-Adresse finden Sie oben im Impressum.<\/p>\n\n\n\n<p>Wir sind nicht bereit oder verpflichtet, an Streitbeilegungsverfahren vor einer Verbraucherschlichtungsstelle teilzunehmen.<\/p>\n\n\n\n<p><strong>Haftung f\u00fcr Inhalte<br><\/strong>Die Inhalte unserer Webseite wurden mit gr\u00f6\u00dftm\u00f6glicher Sorgfalt erstellt. F\u00fcr die Richtigkeit, Vollst\u00e4ndigkeit und Aktualit\u00e4t der Inhalte k\u00f6nnen wir jedoch keine Gew\u00e4hr \u00fcbernehmen. Als Diensteanbieter sind wir gem\u00e4\u00df \u00a7 7 Abs.1 TMG f\u00fcr eigene Inhalte auf diesen Seiten nach den allgemeinen Gesetzen verantwortlich. Nach \u00a7\u00a7 8 bis 10 TMG sind wir als Diensteanbieter jedoch nicht verpflichtet, \u00fcbermittelte oder gespeicherte fremde Informationen zu \u00fcberwachen oder nach Umst\u00e4nden zu forschen, die auf eine rechtswidrige T\u00e4tigkeit hinweisen. Verpflichtungen zur Entfernung oder Sperrung der Nutzung von Informationen nach den allgemeinen Gesetzen bleiben hiervon unber\u00fchrt. Eine diesbez\u00fcgliche Haftung ist jedoch erst ab dem Zeitpunkt der Kenntnis einer konkreten Rechtsverletzung m\u00f6glich. Bei Bekanntwerden von entsprechenden Rechtsverletzungen werden wir diese Inhalte umgehend entfernen.<\/p>\n\n\n\n<p><strong>Haftungsbeschr\u00e4nkung f\u00fcr externe Links<br><\/strong>Unsere Webseite enth\u00e4lt Links zu externen Webseiten Dritter, auf deren Inhalte wir keinen Einfluss haben. Daher k\u00f6nnen wir f\u00fcr diese fremden Inhalte auch keine Gew\u00e4hr \u00fcbernehmen. F\u00fcr die Inhalte der verlinkten Seiten ist stets der jeweilige Anbieter oder Betreiber der Seiten verantwortlich. Die verlinkten Seiten wurden zum Zeitpunkt der Verlinkung auf m\u00f6gliche Rechtsverst\u00f6\u00dfe \u00fcberpr\u00fcft. Rechtswidrige Inhalte waren zum Zeitpunkt der Verlinkung nicht erkennbar. Eine permanente inhaltliche Kontrolle der verlinkten Seiten ist jedoch ohne konkrete Anhaltspunkte einer Rechtsverletzung nicht zumutbar. Bei Bekanntwerden von Rechtsverletzungen werden wir derartige Links umgehend entfernen.<br><\/p>\n\n\n\n<p><strong>Urheberrecht<\/strong><br>Die durch die Seitenbetreiber erstellten Inhalte und Werke auf diesen Seiten unterliegen dem deutschen Urheberrecht. Die Vervielf\u00e4ltigung, Bearbeitung, Verbreitung und jede Art der Verwertung au\u00dferhalb der Grenzen des Urheberrechts bed\u00fcrfen der schriftlichen Zustimmung des jeweiligen Autors bzw. Erstellers. Downloads und Kopien dieser Seite sind nur f\u00fcr den privaten, nicht kommerziellen Gebrauch gestattet.<br>Soweit die Inhalte auf dieser Seite nicht vom Betreiber erstellt wurden, werden die Urheberrechte Dritter beachtet. Insbesondere werden Inhalte Dritter als solche gekennzeichnet. Sollten Sie trotzdem auf eine Urheberrechtsverletzung aufmerksam werden, bitten wir um einen entsprechenden Hinweis. Bei Bekanntwerden von Rechtsverletzungen werden wir derartige Inhalte umgehend<br>entfernen.<\/p>","protected":false},"excerpt":{"rendered":"<p>Angaben gem\u00e4\u00df \u00a7 5 TMG Dr. Peter Janas-HabuIngenieurb\u00fcro47051 Duisburg Kontakt E-Mail:&nbsp;info@kaitekii.com Streitschlichtung Die Europ\u00e4ische Kommission stellt eine Plattform zur Online-Streitbeilegung (OS) bereit:&nbsp;https:\/\/ec.europa.eu\/consumers\/odr.Unsere E-Mail-Adresse finden Sie oben im Impressum. Wir sind nicht bereit oder verpflichtet, an Streitbeilegungsverfahren vor einer Verbraucherschlichtungsstelle teilzunehmen. Haftung f\u00fcr InhalteDie Inhalte unserer Webseite wurden mit gr\u00f6\u00dftm\u00f6glicher Sorgfalt erstellt. F\u00fcr die Richtigkeit, Vollst\u00e4ndigkeit [&hellip;]<\/p>\n","protected":false},"author":1,"featured_media":0,"parent":5,"menu_order":2,"comment_status":"closed","ping_status":"closed","template":"","meta":{"_uag_custom_page_level_css":"","ngg_post_thumbnail":0,"footnotes":""},"class_list":["post-471","page","type-page","status-publish","hentry"],"yoast_head":"<!-- This site is optimized with the Yoast SEO plugin v22.8 - https:\/\/yoast.com\/wordpress\/plugins\/seo\/ -->\n<title>Impressum - KaiTeki - Air Design<\/title>\n<meta name=\"description\" content=\"Optimieren Sie Ihre Innenraumluftqualit\u00e4t und Energieeffizienz mit unserem pr\u00e4zisen Str\u00f6mungssimulationsservice. Profitieren Sie von verbesserten Komfortbedingungen, reduzierten Energiekosten und einer optimalen Luftverteilung. Erhalten Sie ma\u00dfgeschneiderte L\u00f6sungen f\u00fcr Ihr Geb\u00e4ude. Jetzt mehr erfahren!\" \/>\n<meta name=\"robots\" content=\"index, follow, max-snippet:-1, max-image-preview:large, max-video-preview:-1\" \/>\n<link rel=\"canonical\" href=\"https:\/\/kaitekii.com\/en\/kaiteki-luftdesign\/impressum\/\" \/>\n<meta property=\"og:locale\" content=\"en_US\" \/>\n<meta property=\"og:type\" content=\"article\" \/>\n<meta property=\"og:title\" content=\"Impressum - KaiTeki - Air Design\" \/>\n<meta property=\"og:description\" content=\"Optimieren Sie Ihre Innenraumluftqualit\u00e4t und Energieeffizienz mit unserem pr\u00e4zisen Str\u00f6mungssimulationsservice. Profitieren Sie von verbesserten Komfortbedingungen, reduzierten Energiekosten und einer optimalen Luftverteilung. Erhalten Sie ma\u00dfgeschneiderte L\u00f6sungen f\u00fcr Ihr Geb\u00e4ude. Jetzt mehr erfahren!\" \/>\n<meta property=\"og:url\" content=\"https:\/\/kaitekii.com\/en\/kaiteki-luftdesign\/impressum\/\" \/>\n<meta property=\"og:site_name\" content=\"KaiTeki - Air Design\" \/>\n<meta property=\"article:modified_time\" content=\"2024-01-28T19:57:21+00:00\" \/>\n<meta property=\"og:image\" content=\"https:\/\/kaitekii.com\/wp-content\/uploads\/2024\/06\/KaiTeki_Logo_Icon_final_RGB.png\" \/>\n\t<meta property=\"og:image:width\" content=\"1276\" \/>\n\t<meta property=\"og:image:height\" content=\"706\" \/>\n\t<meta property=\"og:image:type\" content=\"image\/png\" \/>\n<meta name=\"twitter:card\" content=\"summary_large_image\" \/>\n<meta name=\"twitter:label1\" content=\"Est. reading time\" \/>\n\t<meta name=\"twitter:data1\" content=\"2 minutes\" \/>\n<script type=\"application\/ld+json\" class=\"yoast-schema-graph\">{\"@context\":\"https:\/\/schema.org\",\"@graph\":[{\"@type\":\"WebPage\",\"@id\":\"https:\/\/kaitekii.com\/kaiteki-luftdesign\/impressum\/\",\"url\":\"https:\/\/kaitekii.com\/kaiteki-luftdesign\/impressum\/\",\"name\":\"Impressum - KaiTeki - Air Design\",\"isPartOf\":{\"@id\":\"https:\/\/kaitekii.com\/#website\"},\"datePublished\":\"2023-04-27T14:30:17+00:00\",\"dateModified\":\"2024-01-28T19:57:21+00:00\",\"description\":\"Optimieren Sie Ihre Innenraumluftqualit\u00e4t und Energieeffizienz mit unserem pr\u00e4zisen Str\u00f6mungssimulationsservice. Profitieren Sie von verbesserten Komfortbedingungen, reduzierten Energiekosten und einer optimalen Luftverteilung. Erhalten Sie ma\u00dfgeschneiderte L\u00f6sungen f\u00fcr Ihr Geb\u00e4ude. Jetzt mehr erfahren!\",\"breadcrumb\":{\"@id\":\"https:\/\/kaitekii.com\/kaiteki-luftdesign\/impressum\/#breadcrumb\"},\"inLanguage\":\"en-US\",\"potentialAction\":[{\"@type\":\"ReadAction\",\"target\":[\"https:\/\/kaitekii.com\/kaiteki-luftdesign\/impressum\/\"]}]},{\"@type\":\"BreadcrumbList\",\"@id\":\"https:\/\/kaitekii.com\/kaiteki-luftdesign\/impressum\/#breadcrumb\",\"itemListElement\":[{\"@type\":\"ListItem\",\"position\":1,\"name\":\"Home\",\"item\":\"https:\/\/kaitekii.com\/\"},{\"@type\":\"ListItem\",\"position\":2,\"name\":\"Kontakt\",\"item\":\"https:\/\/kaitekii.com\/?page_id=5\"},{\"@type\":\"ListItem\",\"position\":3,\"name\":\"Impressum\"}]},{\"@type\":\"WebSite\",\"@id\":\"https:\/\/kaitekii.com\/#website\",\"url\":\"https:\/\/kaitekii.com\/\",\"name\":\"KaiTeki - Air Design\",\"description\":\"Str\u00f6mungssimulationen bieten wertvolle Einblicke und Optimierungsm\u00f6glichkeiten, die zu effizienteren, sichereren und komfortableren Innenr\u00e4umen f\u00fchren. Sie sind ein unverzichtbares Werkzeug f\u00fcr zahlreiche Berufsgruppen und Industrien.\",\"publisher\":{\"@id\":\"https:\/\/kaitekii.com\/#organization\"},\"alternateName\":\"KaiTeki - Air Design - From Video to 3D Flow analsyis\",\"potentialAction\":[{\"@type\":\"SearchAction\",\"target\":{\"@type\":\"EntryPoint\",\"urlTemplate\":\"https:\/\/kaitekii.com\/?s={search_term_string}\"},\"query-input\":\"required name=search_term_string\"}],\"inLanguage\":\"en-US\"},{\"@type\":\"Organization\",\"@id\":\"https:\/\/kaitekii.com\/#organization\",\"name\":\"KaiTeki-Air-Design\",\"alternateName\":\"KaiTeki\",\"url\":\"https:\/\/kaitekii.com\/\",\"logo\":{\"@type\":\"ImageObject\",\"inLanguage\":\"en-US\",\"@id\":\"https:\/\/kaitekii.com\/#\/schema\/logo\/image\/\",\"url\":\"https:\/\/kaitekii.com\/wp-content\/uploads\/2024\/06\/KaiTeki_Logo_Icon_final_RGB.png\",\"contentUrl\":\"https:\/\/kaitekii.com\/wp-content\/uploads\/2024\/06\/KaiTeki_Logo_Icon_final_RGB.png\",\"width\":1276,\"height\":706,\"caption\":\"KaiTeki-Air-Design\"},\"image\":{\"@id\":\"https:\/\/kaitekii.com\/#\/schema\/logo\/image\/\"},\"sameAs\":[\"https:\/\/www.linkedin.com\/company\/kaiteki-air-design\/\"]}]}<\/script>\n<!-- \/ Yoast SEO plugin. -->","yoast_head_json":{"title":"Impressum - KaiTeki - Air Design","description":"Optimieren Sie Ihre Innenraumluftqualit\u00e4t und Energieeffizienz mit unserem pr\u00e4zisen Str\u00f6mungssimulationsservice. Profitieren Sie von verbesserten Komfortbedingungen, reduzierten Energiekosten und einer optimalen Luftverteilung. Erhalten Sie ma\u00dfgeschneiderte L\u00f6sungen f\u00fcr Ihr Geb\u00e4ude. Jetzt mehr erfahren!","robots":{"index":"index","follow":"follow","max-snippet":"max-snippet:-1","max-image-preview":"max-image-preview:large","max-video-preview":"max-video-preview:-1"},"canonical":"https:\/\/kaitekii.com\/en\/kaiteki-luftdesign\/impressum\/","og_locale":"en_US","og_type":"article","og_title":"Impressum - KaiTeki - Air Design","og_description":"Optimieren Sie Ihre Innenraumluftqualit\u00e4t und Energieeffizienz mit unserem pr\u00e4zisen Str\u00f6mungssimulationsservice. Profitieren Sie von verbesserten Komfortbedingungen, reduzierten Energiekosten und einer optimalen Luftverteilung. Erhalten Sie ma\u00dfgeschneiderte L\u00f6sungen f\u00fcr Ihr Geb\u00e4ude. Jetzt mehr erfahren!","og_url":"https:\/\/kaitekii.com\/en\/kaiteki-luftdesign\/impressum\/","og_site_name":"KaiTeki - Air Design","article_modified_time":"2024-01-28T19:57:21+00:00","og_image":[{"width":1276,"height":706,"url":"https:\/\/kaitekii.com\/wp-content\/uploads\/2024\/06\/KaiTeki_Logo_Icon_final_RGB.png","type":"image\/png"}],"twitter_card":"summary_large_image","twitter_misc":{"Est. reading time":"2 minutes"},"schema":{"@context":"https:\/\/schema.org","@graph":[{"@type":"WebPage","@id":"https:\/\/kaitekii.com\/kaiteki-luftdesign\/impressum\/","url":"https:\/\/kaitekii.com\/kaiteki-luftdesign\/impressum\/","name":"Impressum - KaiTeki - Air Design","isPartOf":{"@id":"https:\/\/kaitekii.com\/#website"},"datePublished":"2023-04-27T14:30:17+00:00","dateModified":"2024-01-28T19:57:21+00:00","description":"Optimieren Sie Ihre Innenraumluftqualit\u00e4t und Energieeffizienz mit unserem pr\u00e4zisen Str\u00f6mungssimulationsservice. Profitieren Sie von verbesserten Komfortbedingungen, reduzierten Energiekosten und einer optimalen Luftverteilung. Erhalten Sie ma\u00dfgeschneiderte L\u00f6sungen f\u00fcr Ihr Geb\u00e4ude. Jetzt mehr erfahren!","breadcrumb":{"@id":"https:\/\/kaitekii.com\/kaiteki-luftdesign\/impressum\/#breadcrumb"},"inLanguage":"en-US","potentialAction":[{"@type":"ReadAction","target":["https:\/\/kaitekii.com\/kaiteki-luftdesign\/impressum\/"]}]},{"@type":"BreadcrumbList","@id":"https:\/\/kaitekii.com\/kaiteki-luftdesign\/impressum\/#breadcrumb","itemListElement":[{"@type":"ListItem","position":1,"name":"Home","item":"https:\/\/kaitekii.com\/"},{"@type":"ListItem","position":2,"name":"Kontakt","item":"https:\/\/kaitekii.com\/?page_id=5"},{"@type":"ListItem","position":3,"name":"Impressum"}]},{"@type":"WebSite","@id":"https:\/\/kaitekii.com\/#website","url":"https:\/\/kaitekii.com\/","name":"KaiTeki - Air Design","description":"Flow simulations provide valuable insights and optimization opportunities that lead to more efficient, safer and more comfortable interior spaces. They are an indispensable tool for numerous professional groups and industries.","publisher":{"@id":"https:\/\/kaitekii.com\/#organization"},"alternateName":"KaiTeki - Air Design - From Video to 3D Flow analsyis","potentialAction":[{"@type":"SearchAction","target":{"@type":"EntryPoint","urlTemplate":"https:\/\/kaitekii.com\/?s={search_term_string}"},"query-input":"required name=search_term_string"}],"inLanguage":"en-US"},{"@type":"Organization","@id":"https:\/\/kaitekii.com\/#organization","name":"KaiTeki-Air-Design","alternateName":"KaiTeki","url":"https:\/\/kaitekii.com\/","logo":{"@type":"ImageObject","inLanguage":"en-US","@id":"https:\/\/kaitekii.com\/#\/schema\/logo\/image\/","url":"https:\/\/kaitekii.com\/wp-content\/uploads\/2024\/06\/KaiTeki_Logo_Icon_final_RGB.png","contentUrl":"https:\/\/kaitekii.com\/wp-content\/uploads\/2024\/06\/KaiTeki_Logo_Icon_final_RGB.png","width":1276,"height":706,"caption":"KaiTeki-Air-Design"},"image":{"@id":"https:\/\/kaitekii.com\/#\/schema\/logo\/image\/"},"sameAs":["https:\/\/www.linkedin.com\/company\/kaiteki-air-design\/"]}]}},"uagb_featured_image_src":{"full":false,"thumbnail":false,"medium":false,"medium_large":false,"large":false,"1536x1536":false,"2048x2048":false,"trp-custom-language-flag":false,"mailpoet_newsletter_max":false},"uagb_author_info":{"display_name":"peterjanas","author_link":"https:\/\/kaitekii.com\/en\/author\/peterjanas\/"},"uagb_comment_info":0,"uagb_excerpt":"Angaben gem\u00e4\u00df \u00a7 5 TMG Dr. Peter Janas-HabuIngenieurb\u00fcro47051 Duisburg Kontakt E-Mail:&nbsp;info@kaitekii.com Streitschlichtung Die Europ\u00e4ische Kommission stellt eine Plattform zur Online-Streitbeilegung (OS) bereit:&nbsp;https:\/\/ec.europa.eu\/consumers\/odr.Unsere E-Mail-Adresse finden Sie oben im Impressum. Wir sind nicht bereit oder verpflichtet, an Streitbeilegungsverfahren vor einer Verbraucherschlichtungsstelle teilzunehmen. Haftung f\u00fcr InhalteDie Inhalte unserer Webseite wurden mit gr\u00f6\u00dftm\u00f6glicher Sorgfalt erstellt. F\u00fcr die Richtigkeit, Vollst\u00e4ndigkeit&hellip;","jetpack_sharing_enabled":true,"_links":{"self":[{"href":"https:\/\/kaitekii.com\/en\/wp-json\/wp\/v2\/pages\/471","targetHints":{"allow":["GET"]}}],"collection":[{"href":"https:\/\/kaitekii.com\/en\/wp-json\/wp\/v2\/pages"}],"about":[{"href":"https:\/\/kaitekii.com\/en\/wp-json\/wp\/v2\/types\/page"}],"author":[{"embeddable":true,"href":"https:\/\/kaitekii.com\/en\/wp-json\/wp\/v2\/users\/1"}],"replies":[{"embeddable":true,"href":"https:\/\/kaitekii.com\/en\/wp-json\/wp\/v2\/comments?post=471"}],"version-history":[{"count":2,"href":"https:\/\/kaitekii.com\/en\/wp-json\/wp\/v2\/pages\/471\/revisions"}],"predecessor-version":[{"id":807,"href":"https:\/\/kaitekii.com\/en\/wp-json\/wp\/v2\/pages\/471\/revisions\/807"}],"up":[{"embeddable":true,"href":"https:\/\/kaitekii.com\/en\/wp-json\/wp\/v2\/pages\/5"}],"wp:attachment":[{"href":"https:\/\/kaitekii.com\/en\/wp-json\/wp\/v2\/media?parent=471"}],"curies":[{"name":"wp","href":"https:\/\/api.w.org\/{rel}","templated":true}]}}