{"id":685,"date":"2024-01-19T21:01:36","date_gmt":"2024-01-19T20:01:36","guid":{"rendered":"https:\/\/kaitekii.com\/my-account-2\/"},"modified":"2024-01-19T21:01:36","modified_gmt":"2024-01-19T20:01:36","slug":"my-account-2","status":"publish","type":"page","link":"https:\/\/kaitekii.com\/en\/my-account-2\/","title":{"rendered":"My Account"},"content":{"rendered":"<div id=\"user-registration\" class=\"user-registration\">\t\t\t\t<script id=\"ur-google-recaptcha\">\n\t\t\t\t\tconst ur_recaptcha_code = {\"site_key\":\"\",\"is_captcha_enable\":true,\"version\":\"v2\",\"is_invisible\":false,\"theme_mode\":\"\"}\t\t\t\t<\/script>\n\t\t\t\t\n\n\n<div class=\"ur-frontend-form login ur-frontend-form--bordered\" id=\"ur-frontend-form\">\n\n\t<form class=\"user-registration-form user-registration-form-login login\" method=\"post\" action=\"\">\n\t\t<div class=\"ur-form-row\">\n\t\t\t<div class=\"ur-form-grid\">\n\t\t\t\t\t\t\t\t\t\t\t\t\t\t<p class=\"user-registration-form-row user-registration-form-row--wide form-row form-row-wide\">\n\t\t\t\t\t\t<label for=\"username\">Username or Email <span class=\"required\">*<\/span><\/label>\t\t\t\t\t\t<span class=\"input-wrapper\">\n\t\t\t\t\t\t<input placeholder=\"\" type=\"text\" class=\"user-registration-Input user-registration-Input--text input-text\" name=\"username\" id=\"username\" value=\"\" style=\"\"\/>\n\t\t\t\t\t\t\t\t\t\t\t\t<\/span>\n\t\t\t\t\t<\/p>\n\t\t\t\t\t\t\t\t\t\t<p class=\"user-registration-form-row user-registration-form-row--wide form-row form-row-wide\">\n\t\t\t\t\t\t<label for=\"password\">Password <span class=\"required\">*<\/span><\/label>\t\t\t\t\t\t<span class=\"input-wrapper\">\n\t\t\t\t\t\t<span class=\"password-input-group\">\n\t\t\t\t\t\t<input placeholder=\"\" class=\"user-registration-Input user-registration-Input--text input-text\" type=\"password\" name=\"password\" id=\"password\" style=\"\" \/>\n\n\t\t\t\t\t\t\t\t\t\t\t\t\t\t\t\t\t\t<\/span>\n\t\t\t\t\t<\/p>\n\t\t\t\t\t\t\t\t\t\t<div id=\"ur-recaptcha-node\"> <div id=\"node_recaptcha_login\" class=\"g-recaptcha\"><\/div><\/div>\n\t\t\t\t\t\n\t\t\t\t\t<p class=\"form-row\">\n\t\t\t\t\t\t<input type=\"hidden\" id=\"user-registration-login-nonce\" name=\"user-registration-login-nonce\" value=\"baff8b63dd\" \/><input type=\"hidden\" name=\"_wp_http_referer\" value=\"\/en\/wp-json\/wp\/v2\/pages\/685\" \/>\t\t\t\t\t\t<div>\n\t\t\t\t\t\t\t\t\t\t\t\t\t\t\t\t\t\t\t\t<input type=\"submit\" class=\"user-registration-Button button\" name=\"login\" value=\"Login\" \/>\n\t\t\t\t\t\t\t\t\t\t\t\t\t<\/div>\n\t\t\t\t\t\t<input type=\"hidden\" name=\"redirect\" value=\"\" \/>\n\t\t\t\t\t\t\t\t\t\t\t\t\t\t<label class=\"user-registration-form__label user-registration-form__label-for-checkbox inline\">\n\t\t\t\t\t\t\t\t\t<input class=\"user-registration-form__input user-registration-form__input-checkbox\" name=\"rememberme\" type=\"checkbox\" id=\"rememberme\" value=\"forever\" \/> <span>Remember Me<\/span>\n\t\t\t\t\t\t\t\t<\/label>\n\t\t\t\t\t\t\t\t\t\t\t\t<\/p>\n\n\t\t\t\t\t\t\t\t\t\t\t\t\t<p class=\"user-registration-LostPassword lost_password\">\n\t\t\t\t\t\t\t\t\t<a href=\"https:\/\/kaitekii.com\/en\/my-account-2\/lost-password\/\">Lost your password?<\/a>\n\t\t\t\t\t\t\t\t<\/p>\n\t\t\t\t\t\t\n\t\t\t\t\t\t\t\t\t\t<div class=\"user-registration-social-connect-networks\">\n\n\t\t\t<ul class=\"ursc-network-lists ursc_theme_1\">\n\t\t\t\t\t\t\t\t<li class=\"ursc-login-media ursc-login-media--facebook\">\n\t\t\t\t\t\t<a href=\"?user_registration_social_login=facebook&ursc_action=login\" title='\t\t\t\t\t\tLogin with facebook\t\t\t\t\t\t'>\n\t\t\t\t\t\t\t<span class=\"ursc-icon-block icon-facebook ursc-login-with-facebook\"><\/span>\n\n\t\t\t\t\t\t\t\t\t\t\t\t\t<\/a>\n\t\t\t\t\t<\/li>\n\t\t\t\t\t\t\t\t\t\t<li class=\"ursc-login-media ursc-login-media--twitter\">\n\t\t\t\t\t\t<a href=\"?user_registration_social_login=twitter&ursc_action=login\" title='\t\t\t\t\t\tLogin with twitter\t\t\t\t\t\t'>\n\t\t\t\t\t\t\t<span class=\"ursc-icon-block icon-twitter ursc-login-with-twitter\"><\/span>\n\n\t\t\t\t\t\t\t\t\t\t\t\t\t<\/a>\n\t\t\t\t\t<\/li>\n\t\t\t\t\t\t\t\t\t\t<li class=\"ursc-login-media ursc-login-media--google\">\n\t\t\t\t\t\t<a href=\"?user_registration_social_login=google&ursc_action=login\" title='\t\t\t\t\t\tLogin with google\t\t\t\t\t\t'>\n\t\t\t\t\t\t\t<span class=\"ursc-icon-block icon-google ursc-login-with-google\"><\/span>\n\n\t\t\t\t\t\t\t\t\t\t\t\t\t<\/a>\n\t\t\t\t\t<\/li>\n\t\t\t\t\t\t\t\t\t\t<li class=\"ursc-login-media ursc-login-media--linkedin\">\n\t\t\t\t\t\t<a href=\"?user_registration_social_login=linkedin&ursc_action=login\" title='\t\t\t\t\t\tLogin with linkedin\t\t\t\t\t\t'>\n\t\t\t\t\t\t\t<span class=\"ursc-icon-block icon-linkedin ursc-login-with-linkedin\"><\/span>\n\n\t\t\t\t\t\t\t\t\t\t\t\t\t<\/a>\n\t\t\t\t\t<\/li>\n\t\t\t\t\t\t\t<\/ul>\n\n\t\t<\/div>\n\t\t\t<\/div>\n\t\t<\/div>\n\t<input type=\"hidden\" name=\"trp-form-language\" value=\"en\"\/><\/form>\n\n<\/div>\n\n<\/div>","protected":false},"excerpt":{"rendered":"","protected":false},"author":1,"featured_media":0,"parent":0,"menu_order":0,"comment_status":"closed","ping_status":"closed","template":"","meta":{"_uag_custom_page_level_css":"","ngg_post_thumbnail":0,"footnotes":""},"class_list":["post-685","page","type-page","status-publish","hentry"],"yoast_head":"<!-- This site is optimized with the Yoast SEO plugin v22.8 - https:\/\/yoast.com\/wordpress\/plugins\/seo\/ -->\n<title>My Account - KaiTeki - Air Design<\/title>\n<meta name=\"description\" content=\"Optimieren Sie Ihre Innenraumluftqualit\u00e4t und Energieeffizienz mit unserem pr\u00e4zisen Str\u00f6mungssimulationsservice. Profitieren Sie von verbesserten Komfortbedingungen, reduzierten Energiekosten und einer optimalen Luftverteilung. Erhalten Sie ma\u00dfgeschneiderte L\u00f6sungen f\u00fcr Ihr Geb\u00e4ude. Jetzt mehr erfahren!\" \/>\n<meta name=\"robots\" content=\"index, follow, max-snippet:-1, max-image-preview:large, max-video-preview:-1\" \/>\n<link rel=\"canonical\" href=\"https:\/\/kaitekii.com\/en\/my-account-2\/\" \/>\n<meta property=\"og:locale\" content=\"en_US\" \/>\n<meta property=\"og:type\" content=\"article\" \/>\n<meta property=\"og:title\" content=\"My Account - KaiTeki - Air Design\" \/>\n<meta property=\"og:description\" content=\"Optimieren Sie Ihre Innenraumluftqualit\u00e4t und Energieeffizienz mit unserem pr\u00e4zisen Str\u00f6mungssimulationsservice. Profitieren Sie von verbesserten Komfortbedingungen, reduzierten Energiekosten und einer optimalen Luftverteilung. Erhalten Sie ma\u00dfgeschneiderte L\u00f6sungen f\u00fcr Ihr Geb\u00e4ude. Jetzt mehr erfahren!\" \/>\n<meta property=\"og:url\" content=\"https:\/\/kaitekii.com\/en\/my-account-2\/\" \/>\n<meta property=\"og:site_name\" content=\"KaiTeki - Air Design\" \/>\n<meta property=\"og:image\" content=\"https:\/\/kaitekii.com\/wp-content\/uploads\/2024\/06\/KaiTeki_Logo_Icon_final_RGB.png\" \/>\n\t<meta property=\"og:image:width\" content=\"1276\" \/>\n\t<meta property=\"og:image:height\" content=\"706\" \/>\n\t<meta property=\"og:image:type\" content=\"image\/png\" \/>\n<meta name=\"twitter:card\" content=\"summary_large_image\" \/>\n<script type=\"application\/ld+json\" class=\"yoast-schema-graph\">{\"@context\":\"https:\/\/schema.org\",\"@graph\":[{\"@type\":\"WebPage\",\"@id\":\"https:\/\/kaitekii.com\/my-account-2\/\",\"url\":\"https:\/\/kaitekii.com\/my-account-2\/\",\"name\":\"My Account - KaiTeki - Air Design\",\"isPartOf\":{\"@id\":\"https:\/\/kaitekii.com\/#website\"},\"datePublished\":\"2024-01-19T20:01:36+00:00\",\"dateModified\":\"2024-01-19T20:01:36+00:00\",\"description\":\"Optimieren Sie Ihre Innenraumluftqualit\u00e4t und Energieeffizienz mit unserem pr\u00e4zisen Str\u00f6mungssimulationsservice. Profitieren Sie von verbesserten Komfortbedingungen, reduzierten Energiekosten und einer optimalen Luftverteilung. Erhalten Sie ma\u00dfgeschneiderte L\u00f6sungen f\u00fcr Ihr Geb\u00e4ude. Jetzt mehr erfahren!\",\"breadcrumb\":{\"@id\":\"https:\/\/kaitekii.com\/my-account-2\/#breadcrumb\"},\"inLanguage\":\"en-US\",\"potentialAction\":[{\"@type\":\"ReadAction\",\"target\":[\"https:\/\/kaitekii.com\/my-account-2\/\"]}]},{\"@type\":\"BreadcrumbList\",\"@id\":\"https:\/\/kaitekii.com\/my-account-2\/#breadcrumb\",\"itemListElement\":[{\"@type\":\"ListItem\",\"position\":1,\"name\":\"Home\",\"item\":\"https:\/\/kaitekii.com\/\"},{\"@type\":\"ListItem\",\"position\":2,\"name\":\"My Account\"}]},{\"@type\":\"WebSite\",\"@id\":\"https:\/\/kaitekii.com\/#website\",\"url\":\"https:\/\/kaitekii.com\/\",\"name\":\"KaiTeki - Air Design\",\"description\":\"Str\u00f6mungssimulationen bieten wertvolle Einblicke und Optimierungsm\u00f6glichkeiten, die zu effizienteren, sichereren und komfortableren Innenr\u00e4umen f\u00fchren. Sie sind ein unverzichtbares Werkzeug f\u00fcr zahlreiche Berufsgruppen und Industrien.\",\"publisher\":{\"@id\":\"https:\/\/kaitekii.com\/#organization\"},\"alternateName\":\"KaiTeki - Air Design - From Video to 3D Flow analsyis\",\"potentialAction\":[{\"@type\":\"SearchAction\",\"target\":{\"@type\":\"EntryPoint\",\"urlTemplate\":\"https:\/\/kaitekii.com\/?s={search_term_string}\"},\"query-input\":\"required name=search_term_string\"}],\"inLanguage\":\"en-US\"},{\"@type\":\"Organization\",\"@id\":\"https:\/\/kaitekii.com\/#organization\",\"name\":\"KaiTeki-Air-Design\",\"alternateName\":\"KaiTeki\",\"url\":\"https:\/\/kaitekii.com\/\",\"logo\":{\"@type\":\"ImageObject\",\"inLanguage\":\"en-US\",\"@id\":\"https:\/\/kaitekii.com\/#\/schema\/logo\/image\/\",\"url\":\"https:\/\/kaitekii.com\/wp-content\/uploads\/2024\/06\/KaiTeki_Logo_Icon_final_RGB.png\",\"contentUrl\":\"https:\/\/kaitekii.com\/wp-content\/uploads\/2024\/06\/KaiTeki_Logo_Icon_final_RGB.png\",\"width\":1276,\"height\":706,\"caption\":\"KaiTeki-Air-Design\"},\"image\":{\"@id\":\"https:\/\/kaitekii.com\/#\/schema\/logo\/image\/\"},\"sameAs\":[\"https:\/\/www.linkedin.com\/company\/kaiteki-air-design\/\"]}]}<\/script>\n<!-- \/ Yoast SEO plugin. -->","yoast_head_json":{"title":"My Account - KaiTeki - Air Design","description":"Optimieren Sie Ihre Innenraumluftqualit\u00e4t und Energieeffizienz mit unserem pr\u00e4zisen Str\u00f6mungssimulationsservice. Profitieren Sie von verbesserten Komfortbedingungen, reduzierten Energiekosten und einer optimalen Luftverteilung. Erhalten Sie ma\u00dfgeschneiderte L\u00f6sungen f\u00fcr Ihr Geb\u00e4ude. Jetzt mehr erfahren!","robots":{"index":"index","follow":"follow","max-snippet":"max-snippet:-1","max-image-preview":"max-image-preview:large","max-video-preview":"max-video-preview:-1"},"canonical":"https:\/\/kaitekii.com\/en\/my-account-2\/","og_locale":"en_US","og_type":"article","og_title":"My Account - KaiTeki - Air Design","og_description":"Optimieren Sie Ihre Innenraumluftqualit\u00e4t und Energieeffizienz mit unserem pr\u00e4zisen Str\u00f6mungssimulationsservice. Profitieren Sie von verbesserten Komfortbedingungen, reduzierten Energiekosten und einer optimalen Luftverteilung. Erhalten Sie ma\u00dfgeschneiderte L\u00f6sungen f\u00fcr Ihr Geb\u00e4ude. Jetzt mehr erfahren!","og_url":"https:\/\/kaitekii.com\/en\/my-account-2\/","og_site_name":"KaiTeki - Air Design","og_image":[{"width":1276,"height":706,"url":"https:\/\/kaitekii.com\/wp-content\/uploads\/2024\/06\/KaiTeki_Logo_Icon_final_RGB.png","type":"image\/png"}],"twitter_card":"summary_large_image","schema":{"@context":"https:\/\/schema.org","@graph":[{"@type":"WebPage","@id":"https:\/\/kaitekii.com\/my-account-2\/","url":"https:\/\/kaitekii.com\/my-account-2\/","name":"My Account - KaiTeki - Air Design","isPartOf":{"@id":"https:\/\/kaitekii.com\/#website"},"datePublished":"2024-01-19T20:01:36+00:00","dateModified":"2024-01-19T20:01:36+00:00","description":"Optimieren Sie Ihre Innenraumluftqualit\u00e4t und Energieeffizienz mit unserem pr\u00e4zisen Str\u00f6mungssimulationsservice. Profitieren Sie von verbesserten Komfortbedingungen, reduzierten Energiekosten und einer optimalen Luftverteilung. Erhalten Sie ma\u00dfgeschneiderte L\u00f6sungen f\u00fcr Ihr Geb\u00e4ude. Jetzt mehr erfahren!","breadcrumb":{"@id":"https:\/\/kaitekii.com\/my-account-2\/#breadcrumb"},"inLanguage":"en-US","potentialAction":[{"@type":"ReadAction","target":["https:\/\/kaitekii.com\/my-account-2\/"]}]},{"@type":"BreadcrumbList","@id":"https:\/\/kaitekii.com\/my-account-2\/#breadcrumb","itemListElement":[{"@type":"ListItem","position":1,"name":"Home","item":"https:\/\/kaitekii.com\/"},{"@type":"ListItem","position":2,"name":"My Account"}]},{"@type":"WebSite","@id":"https:\/\/kaitekii.com\/#website","url":"https:\/\/kaitekii.com\/","name":"KaiTeki - Air Design","description":"Flow simulations provide valuable insights and optimization opportunities that lead to more efficient, safer and more comfortable interior spaces. They are an indispensable tool for numerous professional groups and industries.","publisher":{"@id":"https:\/\/kaitekii.com\/#organization"},"alternateName":"KaiTeki - Air Design - From Video to 3D Flow analsyis","potentialAction":[{"@type":"SearchAction","target":{"@type":"EntryPoint","urlTemplate":"https:\/\/kaitekii.com\/?s={search_term_string}"},"query-input":"required name=search_term_string"}],"inLanguage":"en-US"},{"@type":"Organization","@id":"https:\/\/kaitekii.com\/#organization","name":"KaiTeki-Air-Design","alternateName":"KaiTeki","url":"https:\/\/kaitekii.com\/","logo":{"@type":"ImageObject","inLanguage":"en-US","@id":"https:\/\/kaitekii.com\/#\/schema\/logo\/image\/","url":"https:\/\/kaitekii.com\/wp-content\/uploads\/2024\/06\/KaiTeki_Logo_Icon_final_RGB.png","contentUrl":"https:\/\/kaitekii.com\/wp-content\/uploads\/2024\/06\/KaiTeki_Logo_Icon_final_RGB.png","width":1276,"height":706,"caption":"KaiTeki-Air-Design"},"image":{"@id":"https:\/\/kaitekii.com\/#\/schema\/logo\/image\/"},"sameAs":["https:\/\/www.linkedin.com\/company\/kaiteki-air-design\/"]}]}},"uagb_featured_image_src":{"full":false,"thumbnail":false,"medium":false,"medium_large":false,"large":false,"1536x1536":false,"2048x2048":false,"trp-custom-language-flag":false,"mailpoet_newsletter_max":false},"uagb_author_info":{"display_name":"peterjanas","author_link":"https:\/\/kaitekii.com\/en\/author\/peterjanas\/"},"uagb_comment_info":0,"uagb_excerpt":null,"jetpack_sharing_enabled":true,"_links":{"self":[{"href":"https:\/\/kaitekii.com\/en\/wp-json\/wp\/v2\/pages\/685","targetHints":{"allow":["GET"]}}],"collection":[{"href":"https:\/\/kaitekii.com\/en\/wp-json\/wp\/v2\/pages"}],"about":[{"href":"https:\/\/kaitekii.com\/en\/wp-json\/wp\/v2\/types\/page"}],"author":[{"embeddable":true,"href":"https:\/\/kaitekii.com\/en\/wp-json\/wp\/v2\/users\/1"}],"replies":[{"embeddable":true,"href":"https:\/\/kaitekii.com\/en\/wp-json\/wp\/v2\/comments?post=685"}],"version-history":[{"count":1,"href":"https:\/\/kaitekii.com\/en\/wp-json\/wp\/v2\/pages\/685\/revisions"}],"predecessor-version":[{"id":712,"href":"https:\/\/kaitekii.com\/en\/wp-json\/wp\/v2\/pages\/685\/revisions\/712"}],"wp:attachment":[{"href":"https:\/\/kaitekii.com\/en\/wp-json\/wp\/v2\/media?parent=685"}],"curies":[{"name":"wp","href":"https:\/\/api.w.org\/{rel}","templated":true}]}}